{"id":48,"date":"2015-09-14T22:04:55","date_gmt":"2015-09-14T20:04:55","guid":{"rendered":"http:\/\/sk5lf.ksilinkoping.se\/?page_id=48"},"modified":"2025-10-17T16:13:21","modified_gmt":"2025-10-17T14:13:21","slug":"freqvenser","status":"publish","type":"page","link":"https:\/\/www.sk5lf.se\/?page_id=48","title":{"rendered":"Frekvenser"},"content":{"rendered":"<div data-colibri-id=\"48-c1\" class=\"style-803 style-local-48-c1 position-relative\">\n  <!---->\n  <div data-colibri-component=\"section\" data-colibri-id=\"48-c2\" id=\"initial-content\" class=\"h-section h-section-global-spacing d-flex align-items-lg-center align-items-md-center align-items-center style-804 style-local-48-c2 position-relative\">\n    <!---->\n    <!---->\n    <div class=\"h-section-grid-container h-section-boxed-container\">\n      <div data-colibri-id=\"48-c13\" class=\"h-row-container gutters-row-lg-0 gutters-row-md-0 gutters-row-0 gutters-row-v-lg-0 gutters-row-v-md-0 gutters-row-v-0 style-808 style-local-48-c13 position-relative\">\n        <!---->\n        <div class=\"h-row justify-content-lg-center justify-content-md-center justify-content-center align-items-lg-stretch align-items-md-stretch align-items-stretch gutters-col-lg-0 gutters-col-md-0 gutters-col-0 gutters-col-v-lg-0 gutters-col-v-md-0 gutters-col-v-0\">\n          <!---->\n          <div class=\"h-column h-column-container d-flex h-col-lg-auto h-col-md-auto h-col-auto style-809-outer style-local-48-c14-outer\">\n            <div data-colibri-id=\"48-c14\" class=\"d-flex h-flex-basis h-column__inner h-px-lg-0 h-px-md-0 h-px-0 v-inner-lg-0 v-inner-md-0 v-inner-0 style-809 style-local-48-c14 position-relative\">\n              <!---->\n              <!---->\n              <div class=\"w-100 h-y-container h-column__content h-column__v-align flex-basis-100 align-self-lg-start align-self-md-start align-self-start\">\n                <!---->\n                <div data-colibri-id=\"48-c15\" class=\"h-global-transition-all h-heading style-810 style-local-48-c15 position-relative h-element\">\n                  <!---->\n                  <div class=\"h-heading__outer style-810 style-local-48-c15\">\n                    <!---->\n                    <!---->\n                    <h2 class=\"\">Frekvenser<\/h2>\n                  <\/div>\n                <\/div>\n              <\/div>\n            <\/div>\n          <\/div>\n        <\/div>\n      <\/div>\n      <div data-colibri-id=\"48-c3\" class=\"h-row-container gutters-row-lg-2 gutters-row-md-2 gutters-row-0 gutters-row-v-lg-2 gutters-row-v-md-2 gutters-row-v-2 style-812 style-local-48-c3 position-relative\">\n        <!---->\n        <div class=\"h-row justify-content-lg-center justify-content-md-center justify-content-center align-items-lg-stretch align-items-md-stretch align-items-stretch gutters-col-lg-2 gutters-col-md-2 gutters-col-0 gutters-col-v-lg-2 gutters-col-v-md-2 gutters-col-v-2\">\n          <!---->\n          <div class=\"h-column h-column-container d-flex h-col-lg-auto h-col-md-auto h-col-auto style-813-outer style-local-48-c4-outer\">\n            <div data-colibri-id=\"48-c4\" class=\"d-flex h-flex-basis h-column__inner h-px-lg-2 h-px-md-2 h-px-2 v-inner-lg-2 v-inner-md-2 v-inner-2 style-813 style-local-48-c4 position-relative\">\n              <!---->\n              <!---->\n              <div class=\"w-100 h-y-container h-column__content h-column__v-align flex-basis-100 align-self-lg-start align-self-md-start align-self-start\">\n                <!---->\n                <div data-colibri-id=\"48-c5\" class=\"h-global-transition-all h-heading style-814 style-local-48-c5 position-relative h-element\">\n                  <!---->\n                  <div class=\"h-heading__outer style-814 style-local-48-c5\">\n                    <!---->\n                    <!---->\n                    <h3 class=\"\">Analogt<\/h3>\n                  <\/div>\n                <\/div>\n                <div data-colibri-id=\"48-c6\" class=\"h-text h-text-component style-817 style-local-48-c6 position-relative h-element\">\n                  <!---->\n                  <!---->\n                  <div class=\"\">\n                    <ul>\n                      <li><strong>434.825 MHz<\/strong>\n                        <br>Skift: -2.0 MHz\n                        <br>Subton: 82,5\n                        <br>DTMF: 5\n                        <br>QTH: F\u00f6reningens egen 70cm repeater i Majelden (Link\u00f6ping)\n                        <br>\n                        <br>\n                      <\/li>\n                      <li><strong>145.625 MHz<\/strong>\n                        <br>Skift: -600kHz\n                        <br>Subton: 82.5\n                        <br>DTMF: 5\n                        <br>QTH: F\u00f6reningens egen 2m repeater i Ljunsgbro trakten.\n                        <br>&nbsp;<\/li>\n                      <li><strong>145.7875 MHz <br><\/strong>Skift: -600 kHz\n                        <br>Subton: 82,5\n                        <br>QTH: SK5AS &#8211; Utkanten av Link\u00f6ping i Ljungsbro trakten\n                        <br>\n                        <br>\n                      <\/li>\n                      <li><strong>145.400 MHz, en direktfrekvens f\u00f6r klubben<\/strong><\/li>\n                    <\/ul>\n                    <p>\n                      <br>\n                    <\/p>\n                  <\/div>\n                <\/div>\n              <\/div>\n            <\/div>\n          <\/div>\n          <div class=\"h-column h-column-container d-flex h-col-lg-auto h-col-md-auto h-col-auto style-815-outer style-local-48-c7-outer\">\n            <div data-colibri-id=\"48-c7\" class=\"d-flex h-flex-basis h-column__inner h-px-lg-2 h-px-md-2 h-px-2 v-inner-lg-2 v-inner-md-2 v-inner-2 style-815 style-local-48-c7 position-relative\">\n              <!---->\n              <!---->\n              <div class=\"w-100 h-y-container h-column__content h-column__v-align flex-basis-100 align-self-lg-start align-self-md-start align-self-start\">\n                <!---->\n                <div data-colibri-id=\"48-c8\" class=\"h-global-transition-all h-heading style-816 style-local-48-c8 position-relative h-element\">\n                  <!---->\n                  <div class=\"h-heading__outer style-816 style-local-48-c8\">\n                    <!---->\n                    <!---->\n                    <h3 class=\"\">DMR<\/h3>\n                  <\/div>\n                <\/div>\n                <div data-colibri-id=\"48-c9\" class=\"h-text h-text-component style-818 style-local-48-c9 position-relative h-element\">\n                  <!---->\n                  <!---->\n                  <div class=\"\">\n                    <p><strong>434.5125 MHz (QRV), fr\u00e4mst finns vi p\u00e5 24053<\/strong><\/p>\n                    <p>\n                      <br>\n                    <\/p>\n                  <\/div>\n                <\/div>\n              <\/div>\n            <\/div>\n          <\/div>\n          <div class=\"h-column h-column-container d-flex h-col-lg h-col-md-auto h-col-auto style-820-outer style-local-48-c10-outer\">\n            <div data-colibri-id=\"48-c10\" class=\"d-flex h-flex-basis h-column__inner h-px-lg-3 h-px-md-3 h-px-3 v-inner-lg-3 v-inner-md-3 v-inner-3 style-820 style-local-48-c10 position-relative\">\n              <!---->\n              <!---->\n              <div class=\"w-100 h-y-container h-column__content h-column__v-align flex-basis-100 align-self-lg-start align-self-md-start align-self-start\">\n                <!---->\n                <div data-colibri-id=\"48-c11\" class=\"h-global-transition-all h-heading style-821 style-local-48-c11 position-relative h-element\">\n                  <!---->\n                  <div class=\"h-heading__outer style-821 style-local-48-c11\">\n                    <!---->\n                    <!---->\n                    <h3 class=\"\">Repeaterkarta<\/h3>\n                  <\/div>\n                <\/div>\n                <div data-colibri-id=\"48-c12\" class=\"h-text h-text-component style-822 style-local-48-c12 position-relative h-element\">\n                  <!---->\n                  <!---->\n                  <div class=\"\">\n                    <p><span style=\"font-weight: 400; font-size: 16px; font-family: &quot;Open Sans&quot;; color: rgb(37, 41, 42);\">F\u00f6r att komma till en komplett repeater karta s\u00e5 kan du&nbsp;<\/span>\n                      <a href=\"https:\/\/www.ssa.se\/vushf\/repeatrar-fyrar\" rel=\"noopener noreferrer\"\n                        target=\"_blank\" style=\"font-weight: 400; font-size: 16px; font-family: &quot;Open Sans&quot;; color: rgb(3, 169, 244);\">klicka h\u00e4r<\/a><span style=\"font-weight: 400; font-size: 16px; font-family: &quot;Open Sans&quot;; color: rgb(37, 41, 42);\">&nbsp;(\u00f6ppnas i ny flik). D\u00e4r visas analogt och \u00e4ven DMR repeatrar.<\/span><\/p>\n                  <\/div>\n                <\/div>\n              <\/div>\n            <\/div>\n          <\/div>\n        <\/div>\n      <\/div>\n    <\/div>\n  <\/div>\n<\/div>","protected":false},"excerpt":{"rendered":"<p>Frekvenser Analogt 434.825 MHz Skift: -2.0 MHz Subton: 82,5 DTMF: 5 QTH: F\u00f6reningens egen 70cm repeater i Majelden (Link\u00f6ping) 145.625 MHz Skift: -600kHz Subton: 82.5 DTMF: 5 QTH: F\u00f6reningens egen 2m repeater i Ljunsgbro trakten. &nbsp; 145.7875 MHz Skift: -600 kHz Subton: 82,5 QTH: SK5AS &#8211; Utkanten av Link\u00f6ping i Ljungsbro trakten 145.400 MHz, en [&hellip;]<\/p>\n","protected":false},"author":1,"featured_media":0,"parent":0,"menu_order":0,"comment_status":"closed","ping_status":"closed","template":"page-templates\/full-width-page.php","meta":{"ngg_post_thumbnail":0,"footnotes":""},"class_list":["post-48","page","type-page","status-publish","hentry"],"_links":{"self":[{"href":"https:\/\/www.sk5lf.se\/index.php?rest_route=\/wp\/v2\/pages\/48","targetHints":{"allow":["GET"]}}],"collection":[{"href":"https:\/\/www.sk5lf.se\/index.php?rest_route=\/wp\/v2\/pages"}],"about":[{"href":"https:\/\/www.sk5lf.se\/index.php?rest_route=\/wp\/v2\/types\/page"}],"author":[{"embeddable":true,"href":"https:\/\/www.sk5lf.se\/index.php?rest_route=\/wp\/v2\/users\/1"}],"replies":[{"embeddable":true,"href":"https:\/\/www.sk5lf.se\/index.php?rest_route=%2Fwp%2Fv2%2Fcomments&post=48"}],"version-history":[{"count":20,"href":"https:\/\/www.sk5lf.se\/index.php?rest_route=\/wp\/v2\/pages\/48\/revisions"}],"predecessor-version":[{"id":4503,"href":"https:\/\/www.sk5lf.se\/index.php?rest_route=\/wp\/v2\/pages\/48\/revisions\/4503"}],"wp:attachment":[{"href":"https:\/\/www.sk5lf.se\/index.php?rest_route=%2Fwp%2Fv2%2Fmedia&parent=48"}],"curies":[{"name":"wp","href":"https:\/\/api.w.org\/{rel}","templated":true}]}}