{"id":40,"date":"2015-09-14T22:01:11","date_gmt":"2015-09-14T20:01:11","guid":{"rendered":"http:\/\/sk5lf.ksilinkoping.se\/?page_id=40"},"modified":"2022-02-23T20:19:53","modified_gmt":"2022-02-23T19:19:53","slug":"medlemsavgifter","status":"publish","type":"page","link":"https:\/\/www.sk5lf.se\/?page_id=40","title":{"rendered":"Medlemsavgifter"},"content":{"rendered":"\n<p>Avgiften inbetalas till bankgiro 811-0090 eller via swish: 123 673 24 57, avgiften skall vara inbetalad senast tv\u00e5 veckor innan \u00e5rsm\u00f6tet sker, och tidigast den 1 januari det aktuella \u00e5ret.<br>Gl\u00f6m ej att ange din signal samt det verksamhets\u00e5ret betalningen g\u00e4ller som meddelande p\u00e5 inbetalningen. Detta s\u00e5 att kass\u00f6ren vet vem som \u00e4r inbetalare, samt vilket verksamhets\u00e5r avgiften avser. Vid livstids medlemskap ange &#8220;signal livstid&#8221;.<\/p>\n\n\n<table border=\"0\" width=\"100%\">\n<tbody>\n<tr>\n<td width=\"57%\">Ungdom (under 18 \u00e5r) och student<\/td>\n<td width=\"43%\">50 kronor<\/td>\n<\/tr>\n<tr>\n<td>Vuxen (fr\u00e5n 18 \u00e5r)<\/td>\n<td>200 kronor<\/td>\n<\/tr>\n<tr>\n<td>Familj<\/td>\n<td>300 kronor<\/td>\n<\/tr>\n<tr>\n<td>Livstidsmedlemskap (ange &#8220;signal livstid&#8221; i meddelandet)<\/td>\n<td>2 400 kronor<\/td>\n<\/tr>\n<\/tbody>\n<\/table>\n<p><strong>&nbsp;<\/strong><\/p>","protected":false},"excerpt":{"rendered":"<p>Avgiften inbetalas till bankgiro 811-0090 eller via swish: 123 673 24 57, avgiften skall vara inbetalad senast tv\u00e5 veckor innan \u00e5rsm\u00f6tet sker, och tidigast den 1 januari det aktuella \u00e5ret.Gl\u00f6m ej att ange din signal samt det verksamhets\u00e5ret betalningen g\u00e4ller som meddelande p\u00e5 inbetalningen. Detta s\u00e5 att kass\u00f6ren vet vem som \u00e4r inbetalare, samt vilket [&hellip;]<\/p>\n","protected":false},"author":1,"featured_media":0,"parent":0,"menu_order":0,"comment_status":"closed","ping_status":"closed","template":"","meta":{"ngg_post_thumbnail":0,"footnotes":""},"class_list":["post-40","page","type-page","status-publish","hentry"],"_links":{"self":[{"href":"https:\/\/www.sk5lf.se\/index.php?rest_route=\/wp\/v2\/pages\/40","targetHints":{"allow":["GET"]}}],"collection":[{"href":"https:\/\/www.sk5lf.se\/index.php?rest_route=\/wp\/v2\/pages"}],"about":[{"href":"https:\/\/www.sk5lf.se\/index.php?rest_route=\/wp\/v2\/types\/page"}],"author":[{"embeddable":true,"href":"https:\/\/www.sk5lf.se\/index.php?rest_route=\/wp\/v2\/users\/1"}],"replies":[{"embeddable":true,"href":"https:\/\/www.sk5lf.se\/index.php?rest_route=%2Fwp%2Fv2%2Fcomments&post=40"}],"version-history":[{"count":34,"href":"https:\/\/www.sk5lf.se\/index.php?rest_route=\/wp\/v2\/pages\/40\/revisions"}],"predecessor-version":[{"id":2488,"href":"https:\/\/www.sk5lf.se\/index.php?rest_route=\/wp\/v2\/pages\/40\/revisions\/2488"}],"wp:attachment":[{"href":"https:\/\/www.sk5lf.se\/index.php?rest_route=%2Fwp%2Fv2%2Fmedia&parent=40"}],"curies":[{"name":"wp","href":"https:\/\/api.w.org\/{rel}","templated":true}]}}