{"id":1800,"date":"2019-01-17T15:52:10","date_gmt":"2019-01-17T14:52:10","guid":{"rendered":"http:\/\/nysida.sk5lf.se\/?page_id=1800"},"modified":"2024-04-16T21:17:06","modified_gmt":"2024-04-16T19:17:06","slug":"forum","status":"publish","type":"page","link":"https:\/\/www.sk5lf.se\/?page_id=1800","title":{"rendered":"Forum"},"content":{"rendered":"\n<p>Forumet \u00e4r satt i underh\u00e5llsarbete f\u00f6r n\u00e4rvarande, nyheter f\u00f6ljer p\u00e5 startsidan, v\u00e4lkommen \u00e5ter.<\/p>\n","protected":false},"excerpt":{"rendered":"<p>Forumet \u00e4r satt i underh\u00e5llsarbete f\u00f6r n\u00e4rvarande, nyheter f\u00f6ljer p\u00e5 startsidan, v\u00e4lkommen \u00e5ter.<\/p>\n","protected":false},"author":1,"featured_media":0,"parent":0,"menu_order":0,"comment_status":"closed","ping_status":"closed","template":"","meta":{"ngg_post_thumbnail":0,"footnotes":""},"class_list":["post-1800","page","type-page","status-publish","hentry"],"_links":{"self":[{"href":"https:\/\/www.sk5lf.se\/index.php?rest_route=\/wp\/v2\/pages\/1800","targetHints":{"allow":["GET"]}}],"collection":[{"href":"https:\/\/www.sk5lf.se\/index.php?rest_route=\/wp\/v2\/pages"}],"about":[{"href":"https:\/\/www.sk5lf.se\/index.php?rest_route=\/wp\/v2\/types\/page"}],"author":[{"embeddable":true,"href":"https:\/\/www.sk5lf.se\/index.php?rest_route=\/wp\/v2\/users\/1"}],"replies":[{"embeddable":true,"href":"https:\/\/www.sk5lf.se\/index.php?rest_route=%2Fwp%2Fv2%2Fcomments&post=1800"}],"version-history":[{"count":8,"href":"https:\/\/www.sk5lf.se\/index.php?rest_route=\/wp\/v2\/pages\/1800\/revisions"}],"predecessor-version":[{"id":3741,"href":"https:\/\/www.sk5lf.se\/index.php?rest_route=\/wp\/v2\/pages\/1800\/revisions\/3741"}],"wp:attachment":[{"href":"https:\/\/www.sk5lf.se\/index.php?rest_route=%2Fwp%2Fv2%2Fmedia&parent=1800"}],"curies":[{"name":"wp","href":"https:\/\/api.w.org\/{rel}","templated":true}]}}