{"id":1792,"date":"2019-01-17T15:46:04","date_gmt":"2019-01-17T14:46:04","guid":{"rendered":"http:\/\/nysida.sk5lf.se\/?page_id=1792"},"modified":"2025-02-25T21:16:45","modified_gmt":"2025-02-25T20:16:45","slug":"lankar","status":"publish","type":"page","link":"https:\/\/www.sk5lf.se\/?page_id=1792","title":{"rendered":"L\u00e4nkar"},"content":{"rendered":"\n<p>H\u00e4r finns lite l\u00e4nkar som kan vara bra att ha inom radions v\u00e4rld, det finns l\u00e4nkar till n\u00e4rliggande klubbar och annat av nytta.<\/p>\n\n\n\n<h4 class=\"wp-block-heading\">T\u00e4vlingar och dylika arrangemang<\/h4>\n\n\n\n<figure class=\"wp-block-table is-style-stripes\"><table class=\"has-fixed-layout\"><tbody><tr><td>SSA M\u00e5nadstesten<\/td><td><a href=\"https:\/\/contestspalten.ssa.se\/\" target=\"_blank\" rel=\"noreferrer noopener\">https:\/\/contestspalten.ssa.se\/<\/a><\/td><\/tr><tr><td>SMSS &#8211; Svenska sj\u00f6ar<\/td><td><a href=\"https:\/\/www.svenskasjoar.se\/\">https:\/\/www.svenskasjoar.se\/<\/a><\/td><\/tr><tr><td>SMFF &#8211; Svenska naturreservat<\/td><td><a href=\"https:\/\/smff.sk6ei.se\/\">https:\/\/smff.sk6ei.se\/<\/a><\/td><\/tr><tr><td>Nordiska kommuner<\/td><td><a href=\"https:\/\/nordic.sk6ei.se\/\">https:\/\/nordic.sk6ei.se\/<\/a><\/td><\/tr><tr><td>Contest kalender (f\u00f6r contests)<\/td><td><a href=\"http:\/\/www.contestcalendar.com\">http:\/\/www.contestcalendar.com<\/a><\/td><\/tr><tr><td><strong>Loggprogram<\/strong><\/td><td><\/td><\/tr><tr><td>DXLog<\/td><td><a href=\"https:\/\/www.dxlog.net\/\">https:\/\/www.dxlog.net\/<\/a><\/td><\/tr><tr><td>N1MM Logger Plus<\/td><td><a href=\"https:\/\/n1mmwp.hamdocs.com\/\">https:\/\/n1mmwp.hamdocs.com\/<\/a><\/td><\/tr><\/tbody><\/table><\/figure>\n\n\n\n<h4 class=\"wp-block-heading\">SSAs M\u00e5nadstest<\/h4>\n\n\n\n<figure class=\"wp-block-table is-style-stripes\"><table class=\"has-fixed-layout\"><tbody><tr><td>Regler, info och annat          <\/td><td><a href=\"https:\/\/contestspalten.ssa.se\/\" target=\"_blank\" rel=\"noreferrer noopener\">https:\/\/contestspalten.ssa.se\/<\/a><\/td><\/tr><tr><td>Loggsidan<\/td><td><a rel=\"noreferrer noopener\" href=\"http:\/\/old.ssa.se\/?pid=150\" target=\"_blank\">http:\/\/old.ssa.se\/?pid=150<\/a><\/td><\/tr><tr><td>Loggprogram<\/td><td><a href=\"http:\/\/www.sk3bg.se\/contest\/log4u.htm\" target=\"_blank\" rel=\"noreferrer noopener\">http:\/\/www.sk3bg.se\/contest\/log4u.htm<\/a><\/td><\/tr><\/tbody><\/table><\/figure>\n\n\n\n<h4 class=\"wp-block-heading\">N\u00e4rliggande klubbar<\/h4>\n\n\n\n<figure class=\"wp-block-table is-style-stripes\"><table class=\"has-fixed-layout\"><tbody><tr><td>Norrk\u00f6pings radioklubb &#8211; SK5BN<\/td><td><a rel=\"noreferrer noopener\" href=\"https:\/\/www.sk5bn.se\/\" target=\"_blank\">https:\/\/www.sk5bn.se\/<\/a> <\/td><\/tr><tr><td>FRO Link\u00f6ping &#8211; SL5ZY<\/td><td><a rel=\"noreferrer noopener\" href=\"https:\/\/ostergotland.fro.se\/f41-fro-linkoping-link\" target=\"_blank\">https:\/\/ostergotland.fro.se\/f41-fro-linkoping-link<\/a> <\/td><\/tr><tr><td>Link\u00f6pings radioamat\u00f6rer &#8211; SK5AS<\/td><td><a href=\"http:\/\/www.lra.se\/\" target=\"_blank\" rel=\"noreferrer noopener\" aria-label=\"http:\/\/www.lra.se\/ (\u00f6ppnas i en ny flik)\">http:\/\/www.lra.se\/<\/a><\/td><\/tr><tr><td>Motala S\u00e4ndaramat\u00f6rer &#8211; SK5SM<\/td><td><a href=\"http:\/\/www.sk5sm.se\/\" target=\"_blank\" rel=\"noreferrer noopener\" aria-label=\"http:\/\/www.sk5sm.se\/ (\u00f6ppnas i en ny flik)\">http:\/\/www.sk5sm.se\/<\/a><\/td><\/tr><\/tbody><\/table><\/figure>\n\n\n\n<h4 class=\"wp-block-heading\">Andra l\u00e4nkar<\/h4>\n\n\n\n<figure class=\"wp-block-table is-style-stripes\"><table class=\"has-fixed-layout\"><tbody><tr><td>Utg\u00e5ende QSL (hur man skickar QSL-kort)<\/td><td><a href=\"https:\/\/www.ssa.se\/ssa\/qsl-verksamhet\/utgaende-qsl\/\" target=\"_blank\" rel=\"noreferrer noopener\">https:\/\/www.ssa.se\/ssa\/qsl-verksamhet\/utgaende-qsl\/<\/a><\/td><\/tr><tr><td>HF WebSDR mottagare i Mora<\/td><td><a rel=\"noreferrer noopener\" aria-label=\"http:\/\/sk4ko-websdr.no-ip.org:8901\/ (\u00f6ppnas i en ny flik)\" href=\"http:\/\/sk4ko-websdr.no-ip.org:8901\/\" target=\"_blank\">http:\/\/sk4ko-websdr.no-ip.org:8901\/<\/a><\/td><\/tr><tr><td>Konditioner<\/td><td><a href=\"http:\/\/www.hamqsl.com\/solar.html\">http:\/\/www.hamqsl.com\/solar.html<\/a><\/td><\/tr><tr><td>Tropokartor<\/td><td><a href=\"http:\/\/dxinfocentre.com\/tropo_eur_old.html\">http:\/\/dxinfocentre.com\/tropo_eur_old.html<\/a><\/td><\/tr><tr><td>Hitta din QTH locator<\/td><td><a rel=\"noreferrer noopener\" href=\"https:\/\/www.qrz.com\/gridmapper\" target=\"_blank\">https:\/\/www.qrz.com\/gridmapper<\/a><\/td><\/tr><tr><td>QRZ.com<\/td><td><a rel=\"noreferrer noopener\" href=\"https:\/\/www.qrz.com\/\" target=\"_blank\">https:\/\/www.qrz.com\/<\/a><\/td><\/tr><tr><td>eQSL<\/td><td><a href=\"https:\/\/www.eqsl.cc\/QSLCard\/Home4G.cfm\" target=\"_blank\" rel=\"noreferrer noopener\">https:\/\/www.eqsl.cc\/QSLCard\/Home4G.cfm<\/a><\/td><\/tr><tr><td>Logbook of the World<\/td><td><a href=\"https:\/\/lotw.arrl.org\/lotwuser\/default\" target=\"_blank\" rel=\"noreferrer noopener\">https:\/\/lotw.arrl.org\/lotwuser\/default<\/a><\/td><\/tr><\/tbody><\/table><\/figure>\n\n\n\n<p><\/p>\n","protected":false},"excerpt":{"rendered":"<p>H\u00e4r finns lite l\u00e4nkar som kan vara bra att ha inom radions v\u00e4rld, det finns l\u00e4nkar till n\u00e4rliggande klubbar och annat av nytta. T\u00e4vlingar och dylika arrangemang SSA M\u00e5nadstesten https:\/\/contestspalten.ssa.se\/ SMSS &#8211; Svenska sj\u00f6ar https:\/\/www.svenskasjoar.se\/ SMFF &#8211; Svenska naturreservat https:\/\/smff.sk6ei.se\/ Nordiska kommuner https:\/\/nordic.sk6ei.se\/ Contest kalender (f\u00f6r contests) http:\/\/www.contestcalendar.com Loggprogram DXLog https:\/\/www.dxlog.net\/ N1MM Logger Plus https:\/\/n1mmwp.hamdocs.com\/ [&hellip;]<\/p>\n","protected":false},"author":1,"featured_media":0,"parent":0,"menu_order":0,"comment_status":"closed","ping_status":"closed","template":"","meta":{"ngg_post_thumbnail":0,"footnotes":""},"class_list":["post-1792","page","type-page","status-publish","hentry"],"_links":{"self":[{"href":"https:\/\/www.sk5lf.se\/index.php?rest_route=\/wp\/v2\/pages\/1792","targetHints":{"allow":["GET"]}}],"collection":[{"href":"https:\/\/www.sk5lf.se\/index.php?rest_route=\/wp\/v2\/pages"}],"about":[{"href":"https:\/\/www.sk5lf.se\/index.php?rest_route=\/wp\/v2\/types\/page"}],"author":[{"embeddable":true,"href":"https:\/\/www.sk5lf.se\/index.php?rest_route=\/wp\/v2\/users\/1"}],"replies":[{"embeddable":true,"href":"https:\/\/www.sk5lf.se\/index.php?rest_route=%2Fwp%2Fv2%2Fcomments&post=1792"}],"version-history":[{"count":41,"href":"https:\/\/www.sk5lf.se\/index.php?rest_route=\/wp\/v2\/pages\/1792\/revisions"}],"predecessor-version":[{"id":3931,"href":"https:\/\/www.sk5lf.se\/index.php?rest_route=\/wp\/v2\/pages\/1792\/revisions\/3931"}],"wp:attachment":[{"href":"https:\/\/www.sk5lf.se\/index.php?rest_route=%2Fwp%2Fv2%2Fmedia&parent=1792"}],"curies":[{"name":"wp","href":"https:\/\/api.w.org\/{rel}","templated":true}]}}