{"id":1659,"date":"2019-01-08T19:06:40","date_gmt":"2019-01-08T18:06:40","guid":{"rendered":"http:\/\/nysida.sk5lf.se\/?page_id=1659"},"modified":"2025-04-26T12:04:58","modified_gmt":"2025-04-26T10:04:58","slug":"kurs-for-amatorradiocertifikat","status":"publish","type":"page","link":"https:\/\/www.sk5lf.se\/?page_id=1659","title":{"rendered":"Kurs f\u00f6r instegscertifikat HT25"},"content":{"rendered":"\r\n<h3 class=\"wp-block-heading\">Om kursen<\/h3>\r\n\r\n\r\n\r\n<h4 class=\"wp-block-heading\">Kursstart<\/h4>\r\n\r\n\r\n\r\n<p>Vi b\u00f6rjar kursen p\u00e5<strong> l\u00f6rdag den 30 augusti kl. 10\u201314<\/strong> i klubblokalen i K\u00e4rna (Malmsl\u00e4tt). Detta tillf\u00e4lle innefattar \u00e4ven praktik och en chans att prova p\u00e5 radio.<\/p>\r\n\r\n\r\n\r\n<p><strong>Kurstillf\u00e4llena<\/strong> kommer d\u00e4refter att h\u00e5llas p\u00e5 <strong>tisdagskv\u00e4llar varje vecka<\/strong> i K\u00e4rna scoutk\u00e5rs lokaler i utkanten av<strong> Link\u00f6ping<\/strong> och provet kommer att h\u00e5llas f\u00f6re julen 2025.<\/p>\r\n\r\n\r\n\r\n<p>Ett amat\u00f6rradiocertifikat \u00e4r ett slags \u201ceterns k\u00f6rkort\u201d och ger dig en v\u00e4rldsunik identitet i form av ett callsign. <strong>Instegscertifikatet <\/strong>ger dig r\u00e4tt att anv\u00e4nda amat\u00f6rradios\u00e4ndare i Sverige. Det ger dig en god grund att utforska amat\u00f6rradio i praktiken p\u00e5 egen hand.&nbsp;<\/p>\r\n\r\n\r\n\r\n<p>Instegscertifikatet kan senare uppgraderas till ett internationellt HAREC-certifikat som ger dig ytterligare m\u00f6jligheter i form av h\u00f6gre uteffekt, fler frekvenser mm. Instegscertifikatet kr\u00e4ver inte lika mycket tekniska och matematiska kunskaper som det st\u00f6rre HAREC-certifikatet. Mer information om instegscertifikatet hittar du p\u00e5 SSA:s hemsida (<a href=\"https:\/\/www.ssa.se\/sverige-vi-har-ett-instegscertifikat\/\">https:\/\/www.ssa.se\/sverige-vi-har-ett-instegscertifikat\/<\/a>).<\/p>\r\n\r\n\r\n\r\n<h3 class=\"wp-block-heading\">Anm\u00e4lan<\/h3>\r\n\r\n\r\n\r\n<p>Anm\u00e4l dig via e-post (<a href=\"mailto:kurs@sk5lf.se\">kurs@sk5lf.se<\/a>) eller via anm\u00e4lningsformul\u00e4ret (<a href=\"https:\/\/forms.gle\/KXjHLZBrc4arPj4o7\">https:\/\/forms.gle\/KXjHLZBrc4arPj4o7<\/a>) <strong>senast <\/strong>den <strong>24 augusti 2025<\/strong>.<\/p>\r\n\r\n\r\n\r\n<h3 class=\"wp-block-heading\">Kursavgift<\/h3>\r\n\r\n\r\n\r\n<p>500 kr (250 kr f\u00f6r ungdomar\/studerande)<br>1 \u00e5rs medlemskap i Radioklubben SK5LF ing\u00e5r.<br>Kurslitteratur:       175 kr<br>Certifikatprov:&nbsp; &nbsp; &nbsp; 200 kr<br>Eng\u00e5ngsavgift f\u00f6r tilldelning av anropssignal efter godk\u00e4nt prov: 390 kr.<\/p>\r\n\r\n\r\n\r\n<h3 class=\"wp-block-heading\">Fr\u00e5gor eller funderingar<\/h3>\r\n\r\n\r\n\r\n<p>Fr\u00e5gor kring kursen skickas till <a href=\"mailto:kurs@sk5lf.se\">kurs@sk5lf.se<\/a>.<\/p>\r\n\r\n\r\n\r\n<p>Hj\u00e4rtligt v\u00e4lkommen till en kul hobby och till klubben SK5LF!<\/p>\r\n\r\n\r\n<div class=\"style-601 style-local-1659-c1 position-relative\" data-colibri-id=\"1659-c1\">\r\n<div id=\"kurser\" class=\"h-section h-section-global-spacing d-flex align-items-lg-center align-items-md-center align-items-center style-615 style-local-1659-c2 position-relative\" data-colibri-component=\"section\" data-colibri-id=\"1659-c2\">\r\n<div class=\"h-section-grid-container h-section-boxed-container\">\r\n<div class=\"h-row-container gutters-row-lg-2 gutters-row-md-2 gutters-row-0 gutters-row-v-lg-2 gutters-row-v-md-2 gutters-row-v-2 style-618 style-local-1659-c3 position-relative\" data-colibri-id=\"1659-c3\">\r\n<div class=\"h-row justify-content-lg-center justify-content-md-center justify-content-center align-items-lg-stretch align-items-md-stretch align-items-stretch gutters-col-lg-2 gutters-col-md-2 gutters-col-0 gutters-col-v-lg-2 gutters-col-v-md-2 gutters-col-v-2\">\r\n<div class=\"h-column h-column-container d-flex h-col-lg-auto h-col-md-auto h-col-auto style-619-outer style-local-1659-c4-outer\">\r\n<div class=\"d-flex h-flex-basis h-column__inner h-px-lg-2 h-px-md-2 h-px-2 v-inner-lg-2 v-inner-md-2 v-inner-2 style-619 style-local-1659-c4 position-relative\" data-colibri-id=\"1659-c4\">\r\n<div class=\"w-100 h-y-container h-column__content h-column__v-align flex-basis-100 align-self-lg-start align-self-md-start align-self-start\">\r\n<div class=\"h-global-transition-all h-heading style-620 style-local-1659-c5 position-relative h-element\" data-colibri-id=\"1659-c5\">\r\n<div class=\"h-heading__outer style-620 style-local-1659-c5\">&nbsp;<\/div>\r\n<\/div>\r\n<\/div>\r\n<\/div>\r\n<\/div>\r\n<\/div>\r\n<\/div>\r\n<div class=\"h-row-container gutters-row-lg-2 gutters-row-md-2 gutters-row-0 gutters-row-v-lg-2 gutters-row-v-md-2 gutters-row-v-2 style-616 style-local-1659-c6 position-relative\" data-colibri-id=\"1659-c6\">\r\n<div class=\"h-row justify-content-lg-center justify-content-md-center justify-content-center align-items-lg-stretch align-items-md-stretch align-items-stretch gutters-col-lg-2 gutters-col-md-2 gutters-col-0 gutters-col-v-lg-2 gutters-col-v-md-2 gutters-col-v-2\">\r\n<div class=\"h-column h-column-container d-flex h-col-lg-auto h-col-md-auto h-col-auto style-617-outer style-local-1659-c7-outer\">\r\n<div class=\"d-flex h-flex-basis h-column__inner h-px-lg-2 h-px-md-2 h-px-2 v-inner-lg-2 v-inner-md-2 v-inner-2 style-617 style-local-1659-c7 position-relative\" data-colibri-id=\"1659-c7\">\r\n<div class=\"w-100 h-y-container h-column__content h-column__v-align flex-basis-100 align-self-lg-start align-self-md-start align-self-start\">\r\n<div class=\"h-text h-text-component style-621 style-local-1659-c8 position-relative h-element\" data-colibri-id=\"1659-c8\">\r\n<div class=\"\">\r\n<p><span style=\"color: revert; font-size: revert; font-weight: revert;\">KURSMATERIAL<\/span><\/p>\r\n<\/div>\r\n<\/div>\r\n<\/div>\r\n<\/div>\r\n<\/div>\r\n<\/div>\r\n<\/div>\r\n<\/div>\r\n<\/div>\r\n<div id=\"kursmaterial\" class=\"h-section h-section-global-spacing d-flex align-items-lg-center align-items-md-center align-items-center style-622 style-local-1659-c9 position-relative\" data-colibri-component=\"section\" data-colibri-id=\"1659-c9\">\r\n<div class=\"h-section-grid-container h-section-boxed-container\">\r\n<div class=\"h-row-container gutters-row-lg-2 gutters-row-md-2 gutters-row-0 gutters-row-v-lg-2 gutters-row-v-md-2 gutters-row-v-2 style-623 style-local-1659-c10 position-relative\" data-colibri-id=\"1659-c10\">\r\n<div class=\"h-row justify-content-lg-center justify-content-md-center justify-content-center align-items-lg-stretch align-items-md-stretch align-items-stretch gutters-col-lg-2 gutters-col-md-2 gutters-col-0 gutters-col-v-lg-2 gutters-col-v-md-2 gutters-col-v-2\">\r\n<div class=\"h-column h-column-container d-flex h-col-lg-auto h-col-md-auto h-col-auto style-624-outer style-local-1659-c11-outer\">\r\n<div class=\"d-flex h-flex-basis h-column__inner h-px-lg-2 h-px-md-2 h-px-2 v-inner-lg-2 v-inner-md-2 v-inner-2 style-624 style-local-1659-c11 position-relative\" data-colibri-id=\"1659-c11\">\r\n<div class=\"w-100 h-y-container h-column__content h-column__v-align flex-basis-100 align-self-lg-start align-self-md-start align-self-start\">\r\n<div class=\"h-text h-text-component style-626 style-local-1659-c13 position-relative h-element\" data-colibri-id=\"1659-c13\">\r\n<div class=\"\">\r\n<p><b>Kurslitteraturen&nbsp; <\/b><span style=\"font-weight: 400;\">\u00e4r huvudsakligen <\/span><i><span style=\"font-weight: 400;\">Bli s\u00e4ndaramat\u00f6r &#8211; v\u00e4gen till instegscertifikat<\/span><\/i><span style=\"font-weight: 400;\">, SSA, 2025).&nbsp; Boken kan best\u00e4llas fr\u00e5n SSA:s webbshop h\u00e4r <\/span><a href=\"https:\/\/hamshop.ssa.se\/butik\/svensksprakig-litteratur\/utbildning\/bli-sandaramator-vagen-till-instegscertifikat\/\"><span style=\"font-weight: 400;\">https:\/\/hamshop.ssa.se\/butik\/svensksprakig-litteratur\/utbildning\/bli-sandaramator-vagen-till-instegscertifikat\/<\/span><\/a><span style=\"font-weight: 400;\">.<\/span><\/p>\r\n<p>\u00d6vrigt kursmaterial delas ut i samband med kursen.<\/p>\r\n<p><strong>\u00d6vningsprov<\/strong><\/p>\r\n<p>Du kan testa att g\u00f6ra ett \u00f6vningsprov p\u00e5<br><a style=\"color: #026e9f; font-size: 1em; font-weight: 400; font-family: 'Open Sans';\" href=\"https:\/\/examen.ssa.se\">https:\/\/examen.ssa.se\/<\/a><\/p>\r\n<p>Du beh\u00f6ver registrera dig: klicka p\u00e5 \u201dLogga in\u201d uppe i h\u00f6gra h\u00f6rnet s\u00e5 kommer valet att registrera sig att finnas d\u00e4r.<\/p>\r\n<\/div>\r\n<\/div>\r\n<\/div>\r\n<\/div>\r\n<\/div>\r\n<\/div>\r\n<\/div>\r\n<\/div>\r\n<\/div>\r\n<\/div>\r\n\r\n\r\n<p><\/p>\r\n","protected":false},"excerpt":{"rendered":"<p>Om kursen Kursstart Vi b\u00f6rjar kursen p\u00e5 l\u00f6rdag den 30 augusti kl. 10\u201314 i klubblokalen i K\u00e4rna (Malmsl\u00e4tt). Detta tillf\u00e4lle innefattar \u00e4ven praktik och en chans att prova p\u00e5 radio. Kurstillf\u00e4llena kommer d\u00e4refter att h\u00e5llas p\u00e5 tisdagskv\u00e4llar varje vecka i K\u00e4rna scoutk\u00e5rs lokaler i utkanten av Link\u00f6ping och provet kommer att h\u00e5llas f\u00f6re julen 2025. [&hellip;]<\/p>\n","protected":false},"author":1,"featured_media":0,"parent":0,"menu_order":0,"comment_status":"closed","ping_status":"closed","template":"page-templates\/full-width-page.php","meta":{"ngg_post_thumbnail":0,"footnotes":""},"class_list":["post-1659","page","type-page","status-publish","hentry"],"_links":{"self":[{"href":"https:\/\/www.sk5lf.se\/index.php?rest_route=\/wp\/v2\/pages\/1659","targetHints":{"allow":["GET"]}}],"collection":[{"href":"https:\/\/www.sk5lf.se\/index.php?rest_route=\/wp\/v2\/pages"}],"about":[{"href":"https:\/\/www.sk5lf.se\/index.php?rest_route=\/wp\/v2\/types\/page"}],"author":[{"embeddable":true,"href":"https:\/\/www.sk5lf.se\/index.php?rest_route=\/wp\/v2\/users\/1"}],"replies":[{"embeddable":true,"href":"https:\/\/www.sk5lf.se\/index.php?rest_route=%2Fwp%2Fv2%2Fcomments&post=1659"}],"version-history":[{"count":19,"href":"https:\/\/www.sk5lf.se\/index.php?rest_route=\/wp\/v2\/pages\/1659\/revisions"}],"predecessor-version":[{"id":4222,"href":"https:\/\/www.sk5lf.se\/index.php?rest_route=\/wp\/v2\/pages\/1659\/revisions\/4222"}],"wp:attachment":[{"href":"https:\/\/www.sk5lf.se\/index.php?rest_route=%2Fwp%2Fv2%2Fmedia&parent=1659"}],"curies":[{"name":"wp","href":"https:\/\/api.w.org\/{rel}","templated":true}]}}