{"id":1468,"date":"2018-03-07T18:30:54","date_gmt":"2018-03-07T17:30:54","guid":{"rendered":"http:\/\/nysida.sk5lf.se\/?page_id=1468"},"modified":"2025-04-22T21:44:32","modified_gmt":"2025-04-22T19:44:32","slug":"dmr","status":"publish","type":"page","link":"https:\/\/www.sk5lf.se\/?page_id=1468","title":{"rendered":"DMR"},"content":{"rendered":"<div data-colibri-id=\"1468-c1\" class=\"style-791 style-local-1468-c1 position-relative\">\n  <!---->\n  <div data-colibri-component=\"section\" data-colibri-id=\"1468-c2\" id=\"initial-content\" class=\"h-section h-section-global-spacing d-flex align-items-lg-center align-items-md-center align-items-center style-792 style-local-1468-c2 position-relative\">\n    <!---->\n    <!---->\n    <div class=\"h-section-grid-container h-section-boxed-container\">\n      <div data-colibri-id=\"1468-c6\" class=\"h-row-container gutters-row-lg-0 gutters-row-md-0 gutters-row-0 gutters-row-v-lg-0 gutters-row-v-md-0 gutters-row-v-0 style-796 style-local-1468-c6 position-relative\">\n        <!---->\n        <div class=\"h-row justify-content-lg-center justify-content-md-center justify-content-center align-items-lg-stretch align-items-md-stretch align-items-stretch gutters-col-lg-0 gutters-col-md-0 gutters-col-0 gutters-col-v-lg-0 gutters-col-v-md-0 gutters-col-v-0\">\n          <!---->\n          <div class=\"h-column h-column-container d-flex h-col-lg-auto h-col-md-auto h-col-auto style-797-outer style-local-1468-c7-outer\">\n            <div data-colibri-id=\"1468-c7\" class=\"d-flex h-flex-basis h-column__inner h-px-lg-0 h-px-md-0 h-px-0 v-inner-lg-0 v-inner-md-0 v-inner-0 style-797 style-local-1468-c7 position-relative\">\n              <!---->\n              <!---->\n              <div class=\"w-100 h-y-container h-column__content h-column__v-align flex-basis-100 align-self-lg-start align-self-md-start align-self-start\">\n                <!---->\n                <div data-colibri-id=\"1468-c8\" class=\"h-global-transition-all h-heading style-798 style-local-1468-c8 position-relative h-element\">\n                  <!---->\n                  <div class=\"h-heading__outer style-798 style-local-1468-c8\">\n                    <!---->\n                    <!---->\n                    <h2 class=\"\">DMR<\/h2>\n                  <\/div>\n                <\/div>\n              <\/div>\n            <\/div>\n          <\/div>\n        <\/div>\n      <\/div>\n      <div data-colibri-id=\"1468-c10\" class=\"h-row-container gutters-row-lg-2 gutters-row-md-2 gutters-row-0 gutters-row-v-lg-2 gutters-row-v-md-2 gutters-row-v-2 style-800 style-local-1468-c10 position-relative\">\n        <!---->\n        <div class=\"h-row justify-content-lg-center justify-content-md-center justify-content-center align-items-lg-stretch align-items-md-stretch align-items-stretch gutters-col-lg-2 gutters-col-md-2 gutters-col-0 gutters-col-v-lg-2 gutters-col-v-md-2 gutters-col-v-2\">\n          <!---->\n          <div class=\"h-column h-column-container d-flex h-col-lg-auto h-col-md-auto h-col-auto style-801-outer style-local-1468-c11-outer\">\n            <div data-colibri-id=\"1468-c11\" class=\"d-flex h-flex-basis h-column__inner h-px-lg-2 h-px-md-2 h-px-2 v-inner-lg-2 v-inner-md-2 v-inner-2 style-801 style-local-1468-c11 position-relative\">\n              <!---->\n              <!---->\n              <div class=\"w-100 h-y-container h-column__content h-column__v-align flex-basis-100 align-self-lg-start align-self-md-start align-self-start\">\n                <!---->\n                <div data-colibri-id=\"1468-c12\" class=\"h-text h-text-component style-802 style-local-1468-c12 position-relative h-element\">\n                  <!---->\n                  <!---->\n                  <div class=\"\">\n                    <ul>\n                      <li><strong>Kodplugg f\u00f6r TYT MD-380<\/strong>&nbsp;<strong>Kontaktperson:<\/strong>&nbsp;SM5YMS (sm5yms@hotmail.se)&nbsp;<\/li>\n                      <li><strong>Nedladdningsl\u00e4nk:<\/strong>&nbsp;\n                        <a href=\"https:\/\/drive.google.com\/open?id=1MA074VY2gdcUsguqKW7WtRUixp34GIo2\" target=\"_blank\" rel=\"noopener\" style=\"font-family: &quot;Open Sans&quot;; font-weight: 400; font-size: 1em; color: rgb(2, 110, 159);\"\n                          class=\"customize-unpreviewable\">Kodplugg YMS-LKT<\/a>&nbsp;<\/li>\n                      <li><strong>Viktigt att t\u00e4nka p\u00e5!<\/strong>&nbsp;N\u00e4r du har laddat ner kodpluggen, innan du skriver in den i din DMR radio, \u00e4ndra signal och DMR-id till dina egna uppgifter.&nbsp;<\/li>\n                    <\/ul>\n                  <\/div>\n                <\/div>\n              <\/div>\n            <\/div>\n          <\/div>\n        <\/div>\n      <\/div>\n    <\/div>\n  <\/div>\n<\/div>","protected":false},"excerpt":{"rendered":"<p>DMR Kodplugg f\u00f6r TYT MD-380&nbsp;Kontaktperson:&nbsp;SM5YMS (sm5yms@hotmail.se)&nbsp; Nedladdningsl\u00e4nk:&nbsp; Kodplugg YMS-LKT&nbsp; Viktigt att t\u00e4nka p\u00e5!&nbsp;N\u00e4r du har laddat ner kodpluggen, innan du skriver in den i din DMR radio, \u00e4ndra signal och DMR-id till dina egna uppgifter.&nbsp;<\/p>\n","protected":false},"author":1,"featured_media":0,"parent":0,"menu_order":0,"comment_status":"closed","ping_status":"closed","template":"page-templates\/full-width-page.php","meta":{"ngg_post_thumbnail":0,"footnotes":""},"class_list":["post-1468","page","type-page","status-publish","hentry"],"_links":{"self":[{"href":"https:\/\/www.sk5lf.se\/index.php?rest_route=\/wp\/v2\/pages\/1468","targetHints":{"allow":["GET"]}}],"collection":[{"href":"https:\/\/www.sk5lf.se\/index.php?rest_route=\/wp\/v2\/pages"}],"about":[{"href":"https:\/\/www.sk5lf.se\/index.php?rest_route=\/wp\/v2\/types\/page"}],"author":[{"embeddable":true,"href":"https:\/\/www.sk5lf.se\/index.php?rest_route=\/wp\/v2\/users\/1"}],"replies":[{"embeddable":true,"href":"https:\/\/www.sk5lf.se\/index.php?rest_route=%2Fwp%2Fv2%2Fcomments&post=1468"}],"version-history":[{"count":20,"href":"https:\/\/www.sk5lf.se\/index.php?rest_route=\/wp\/v2\/pages\/1468\/revisions"}],"predecessor-version":[{"id":4341,"href":"https:\/\/www.sk5lf.se\/index.php?rest_route=\/wp\/v2\/pages\/1468\/revisions\/4341"}],"wp:attachment":[{"href":"https:\/\/www.sk5lf.se\/index.php?rest_route=%2Fwp%2Fv2%2Fmedia&parent=1468"}],"curies":[{"name":"wp","href":"https:\/\/api.w.org\/{rel}","templated":true}]}}