{"id":1227,"date":"2017-05-30T19:01:40","date_gmt":"2017-05-30T17:01:40","guid":{"rendered":"http:\/\/nysida.sk5lf.se\/?page_id=1227"},"modified":"2025-04-02T23:05:12","modified_gmt":"2025-04-02T21:05:12","slug":"kursmaterial","status":"publish","type":"page","link":"https:\/\/www.sk5lf.se\/?page_id=1227","title":{"rendered":"Kursmaterial"},"content":{"rendered":"\n<p>Kurslitteraturen utg\u00f6rs huvudsakligen av <em>KonCEPT f\u00f6r amat\u00f6rradiocertifikat<\/em>. F\u00f6reningen Sveriges S\u00e4ndareamat\u00f6rer (SSA). (2:a uppl.).<br>Den \u00e4r gratis och finns tillg\u00e4nglig i elektronisk form fr\u00e5n SSA <a href=\"https:\/\/www.ssa.se\/utbildning\/utbildningsmaterial\">https:\/\/www.ssa.se\/utbildning\/utbildningsmaterial<\/a>. Den kan \u00e4ven best\u00e4llas i pappersform i SSA:s webbshop: <a href=\"https:\/\/hamshop.ssa.se\/produkt-kategori\/svensksprakig-litteratur\/teknik\/\">https:\/\/hamshop.ssa.se<\/a>.<\/p>\n\n\n\n<p>\u00d6vrigt kursmaterial delas ut i samband med kursen.&nbsp;<\/p>\n\n\n\n<p><strong>\u00d6vningsprov<\/strong><br>Du kan testa att g\u00f6ra ett \u00f6vningsprov p\u00e5 <a href=\"https:\/\/examen.ssa.se\/\">https:\/\/examen.ssa.se\/<\/a><br>Du beh\u00f6ver registrera dig: klicka p\u00e5 \u201dLogga in\u201d uppe i h\u00f6gra h\u00f6rnet s\u00e5 kommer valet att registrera sig att finnas d\u00e4r.<\/p>\n","protected":false},"excerpt":{"rendered":"<p>Kurslitteraturen utg\u00f6rs huvudsakligen av KonCEPT f\u00f6r amat\u00f6rradiocertifikat. F\u00f6reningen Sveriges S\u00e4ndareamat\u00f6rer (SSA). (2:a uppl.).Den \u00e4r gratis och finns tillg\u00e4nglig i elektronisk form fr\u00e5n SSA https:\/\/www.ssa.se\/utbildning\/utbildningsmaterial. Den kan \u00e4ven best\u00e4llas i pappersform i SSA:s webbshop: https:\/\/hamshop.ssa.se. \u00d6vrigt kursmaterial delas ut i samband med kursen.&nbsp; \u00d6vningsprovDu kan testa att g\u00f6ra ett \u00f6vningsprov p\u00e5 https:\/\/examen.ssa.se\/Du beh\u00f6ver registrera dig: klicka [&hellip;]<\/p>\n","protected":false},"author":1,"featured_media":0,"parent":0,"menu_order":0,"comment_status":"closed","ping_status":"closed","template":"","meta":{"ngg_post_thumbnail":0,"footnotes":""},"class_list":["post-1227","page","type-page","status-publish","hentry"],"_links":{"self":[{"href":"https:\/\/www.sk5lf.se\/index.php?rest_route=\/wp\/v2\/pages\/1227","targetHints":{"allow":["GET"]}}],"collection":[{"href":"https:\/\/www.sk5lf.se\/index.php?rest_route=\/wp\/v2\/pages"}],"about":[{"href":"https:\/\/www.sk5lf.se\/index.php?rest_route=\/wp\/v2\/types\/page"}],"author":[{"embeddable":true,"href":"https:\/\/www.sk5lf.se\/index.php?rest_route=\/wp\/v2\/users\/1"}],"replies":[{"embeddable":true,"href":"https:\/\/www.sk5lf.se\/index.php?rest_route=%2Fwp%2Fv2%2Fcomments&post=1227"}],"version-history":[{"count":7,"href":"https:\/\/www.sk5lf.se\/index.php?rest_route=\/wp\/v2\/pages\/1227\/revisions"}],"predecessor-version":[{"id":3947,"href":"https:\/\/www.sk5lf.se\/index.php?rest_route=\/wp\/v2\/pages\/1227\/revisions\/3947"}],"wp:attachment":[{"href":"https:\/\/www.sk5lf.se\/index.php?rest_route=%2Fwp%2Fv2%2Fmedia&parent=1227"}],"curies":[{"name":"wp","href":"https:\/\/api.w.org\/{rel}","templated":true}]}}